{"id":2,"date":"2013-03-01T16:38:46","date_gmt":"2013-03-01T16:38:46","guid":{"rendered":"http:\/\/www.boludavetiye.net\/?page_id=2"},"modified":"2013-03-01T16:43:46","modified_gmt":"2013-03-01T16:43:46","slug":"sample-page","status":"publish","type":"page","link":"https:\/\/www.boludavetiye.net\/?page_id=2","title":{"rendered":"D\u00fc\u011f\u00fcn Davetiyesi"},"content":{"rendered":"<p><a href=\"http:\/\/www.boludavetiye.net\/wp-content\/uploads\/2013\/03\/iletisim.jpg\"><img loading=\"lazy\" decoding=\"async\" class=\"alignleft size-full wp-image-10\" alt=\"iletisim\" src=\"http:\/\/www.boludavetiye.net\/wp-content\/uploads\/2013\/03\/iletisim.jpg\" width=\"650\" height=\"332\" srcset=\"https:\/\/www.boludavetiye.net\/wp-content\/uploads\/2013\/03\/iletisim.jpg 650w, https:\/\/www.boludavetiye.net\/wp-content\/uploads\/2013\/03\/iletisim-300x153.jpg 300w, https:\/\/www.boludavetiye.net\/wp-content\/uploads\/2013\/03\/iletisim-624x318.jpg 624w\" sizes=\"auto, (max-width: 650px) 100vw, 650px\" \/><\/a><\/p>\n","protected":false},"excerpt":{"rendered":"","protected":false},"author":1,"featured_media":0,"parent":0,"menu_order":0,"comment_status":"open","ping_status":"open","template":"","meta":{"footnotes":""},"class_list":["post-2","page","type-page","status-publish","hentry"],"_links":{"self":[{"href":"https:\/\/www.boludavetiye.net\/index.php?rest_route=\/wp\/v2\/pages\/2","targetHints":{"allow":["GET"]}}],"collection":[{"href":"https:\/\/www.boludavetiye.net\/index.php?rest_route=\/wp\/v2\/pages"}],"about":[{"href":"https:\/\/www.boludavetiye.net\/index.php?rest_route=\/wp\/v2\/types\/page"}],"author":[{"embeddable":true,"href":"https:\/\/www.boludavetiye.net\/index.php?rest_route=\/wp\/v2\/users\/1"}],"replies":[{"embeddable":true,"href":"https:\/\/www.boludavetiye.net\/index.php?rest_route=%2Fwp%2Fv2%2Fcomments&post=2"}],"version-history":[{"count":0,"href":"https:\/\/www.boludavetiye.net\/index.php?rest_route=\/wp\/v2\/pages\/2\/revisions"}],"wp:attachment":[{"href":"https:\/\/www.boludavetiye.net\/index.php?rest_route=%2Fwp%2Fv2%2Fmedia&parent=2"}],"curies":[{"name":"wp","href":"https:\/\/api.w.org\/{rel}","templated":true}]}}